{"id":40,"date":"2021-05-23T19:22:44","date_gmt":"2021-05-23T17:22:44","guid":{"rendered":"http:\/\/anestesitjeneste.info\/anestesitjeneste-as\/?page_id=40"},"modified":"2022-04-11T17:21:03","modified_gmt":"2022-04-11T15:21:03","slug":"om-oss","status":"publish","type":"page","link":"https:\/\/anestesitjeneste.info\/anestesitjeneste-as\/om-oss\/","title":{"rendered":"Om oss"},"content":{"rendered":"\n<p class=\"has-white-background-color has-background\">Anestesitjenesten AS ble stiftet i 2020 av overlege i anestesi med mange \u00e5rs erfaring b\u00e5de i Norge og Tyskland.<br>M\u00e5let v\u00e5rt er \u00e5 tilby pasienter med tannlegeskrekk eller andre utfordringer i forbindelse med tannbehandling en trygg og behagelig opplevelse.<br>Vi tilbyr b\u00e5de sedasjon og narkose. Per dags dato kan en slik behandling kun tilbys ved f\u00e5 tannlegesentre.<br>M\u00e5let v\u00e5rt er \u00e5 gj\u00f8re det mulig for pasienter \u00e5 f\u00e5 sedasjon hos tannlegen de er kjent med ved at v\u00e5r spesialist kan komme dit.<\/p>\n\n\n\n<p class=\"has-medium-font-size\"><strong>V\u00e5rt team<\/strong>:<\/p>\n\n\n\n<div class=\"wp-block-columns is-layout-flex wp-container-core-columns-is-layout-1 wp-block-columns-is-layout-flex\">\n<div class=\"wp-block-column is-layout-flow wp-block-column-is-layout-flow\">\n<div class=\"wp-block-image is-style-default\"><figure class=\"aligncenter size-large is-resized\"><img loading=\"lazy\" decoding=\"async\" src=\"http:\/\/anestesitjeneste.info\/wp-content\/uploads\/2021\/05\/Skjermbilde-2021-05-31-kl.-14.26.05.png\" alt=\"\" class=\"wp-image-94\" width=\"286\" height=\"269\"\/><figcaption><strong>Nico Kemmerer<\/strong>  <br>Spesialist\/overlege i anestesiolog<\/figcaption><\/figure><\/div>\n<\/div>\n\n\n\n<div class=\"wp-block-column is-layout-flow wp-block-column-is-layout-flow\">\n<div class=\"wp-block-image is-style-default\"><figure class=\"aligncenter size-large\"><img loading=\"lazy\" decoding=\"async\" width=\"289\" height=\"269\" src=\"http:\/\/anestesitjeneste.info\/wp-content\/uploads\/2021\/05\/Skjermbilde-2021-05-31-kl.-14.29.57.png\" alt=\"\" class=\"wp-image-97\"\/><figcaption><strong>Anna Schloss<\/strong> <br>Spesialist\/overlege i anestesiologi<\/figcaption><\/figure><\/div>\n<\/div>\n<\/div>\n\n\n\n<div class=\"wp-block-columns is-layout-flex wp-container-core-columns-is-layout-2 wp-block-columns-is-layout-flex\">\n<div class=\"wp-block-column is-layout-flow wp-block-column-is-layout-flow\"><\/div>\n\n\n\n<div class=\"wp-block-column is-layout-flow wp-block-column-is-layout-flow\"><\/div>\n<\/div>\n\n\n\n<p><\/p>\n","protected":false},"excerpt":{"rendered":"<p>Anestesitjenesten AS ble stiftet i 2020 av overlege i anestesi med mange \u00e5rs erfaring b\u00e5de i Norge og Tyskland.M\u00e5let v\u00e5rt er \u00e5 tilby pasienter med tannlegeskrekk eller andre utfordringer i forbindelse med tannbehandling en trygg og behagelig opplevelse.Vi tilbyr b\u00e5de sedasjon og narkose. Per dags dato kan en slik behandling kun tilbys ved f\u00e5 tannlegesentre.M\u00e5let v\u00e5rt er \u00e5 gj\u00f8re det mulig for pasienter \u00e5 f\u00e5 sedasjon hos tannlegen de er kjent med ved at v\u00e5r spesialist kan komme dit. V\u00e5rt team:<\/p>\n","protected":false},"author":1,"featured_media":0,"parent":0,"menu_order":0,"comment_status":"closed","ping_status":"closed","template":"","meta":{"footnotes":""},"_links":{"self":[{"href":"https:\/\/anestesitjeneste.info\/anestesitjeneste-as\/wp-json\/wp\/v2\/pages\/40"}],"collection":[{"href":"https:\/\/anestesitjeneste.info\/anestesitjeneste-as\/wp-json\/wp\/v2\/pages"}],"about":[{"href":"https:\/\/anestesitjeneste.info\/anestesitjeneste-as\/wp-json\/wp\/v2\/types\/page"}],"author":[{"embeddable":true,"href":"https:\/\/anestesitjeneste.info\/anestesitjeneste-as\/wp-json\/wp\/v2\/users\/1"}],"replies":[{"embeddable":true,"href":"https:\/\/anestesitjeneste.info\/anestesitjeneste-as\/wp-json\/wp\/v2\/comments?post=40"}],"version-history":[{"count":10,"href":"https:\/\/anestesitjeneste.info\/anestesitjeneste-as\/wp-json\/wp\/v2\/pages\/40\/revisions"}],"predecessor-version":[{"id":350,"href":"https:\/\/anestesitjeneste.info\/anestesitjeneste-as\/wp-json\/wp\/v2\/pages\/40\/revisions\/350"}],"wp:attachment":[{"href":"https:\/\/anestesitjeneste.info\/anestesitjeneste-as\/wp-json\/wp\/v2\/media?parent=40"}],"curies":[{"name":"wp","href":"https:\/\/api.w.org\/{rel}","templated":true}]}}